{"id":2288,"date":"2023-03-24T17:56:54","date_gmt":"2023-03-24T16:56:54","guid":{"rendered":"https:\/\/rd-coach.com\/imprint\/"},"modified":"2023-04-14T11:38:04","modified_gmt":"2023-04-14T09:38:04","slug":"imprint","status":"publish","type":"page","link":"https:\/\/rd-coach.com\/en\/imprint\/","title":{"rendered":"Imprint"},"content":{"rendered":"\n<p><strong>Contact address<\/strong><\/p>\n\n<p>R&amp;D Coach &#8211; Reinhard M\u00fcller-Siebert<br\/>Wyttenbachstrasse 11<br\/>3013 Bern<br\/>Switzerland<\/p>\n\n<p>Email:<br\/>contact(at)rd-coach.com<\/p>\n\n<h4 class=\"wp-block-heading\">Authorized representative<\/h4>\n\n<p>Reinhard M\u00fcller-Siebert, Owner<\/p>\n\n<h4 class=\"wp-block-heading\">Commercial register entry<\/h4>\n\n<p>Registered company name: R&amp;D-Coach &#8211; Reinhard M\u00fcller-Siebert<br\/>Commercial Register No: CHE-409.276.220<\/p>\n\n<h4 class=\"wp-block-heading\">VAT number<\/h4>\n\n<p>CHE-409.276.220 VAT<\/p>\n\n<h4 class=\"wp-block-heading\">Disclaimer<\/h4>\n\n<p>The author assumes no responsibility for the correctness, accuracy, timeliness, reliability and completeness of the information.<\/p>\n\n<p>Liability claims regarding damage caused by the use of any information provided, including any kind of information which is incomplete or incorrect, will therefore be rejected.<\/p>\n\n<p>All offers are non-binding. The author expressly reserves the right to change, supplement or delete parts of the pages or the entire offer without special notice or to cease publication temporarily or permanently.<\/p>\n\n<h4 class=\"wp-block-heading\">Disclaimer for links<\/h4>\n\n<p>References and links to third party websites are outside our area of responsibility. Any responsibility for such websites is disclaimed. The access and use of such websites is at the risk of the respective user.<\/p>\n\n<h4 class=\"wp-block-heading\">Copyrights<\/h4>\n\n<p>The copyright and all other rights to the content, images, photos or other files on this website belong exclusively to <strong>Reinhard M\u00fcller-Siebert<\/strong> or the specifically named rights holders. For the reproduction of any elements, the written consent of the copyright holder must be obtained in advance.<\/p>\n\n<p>Photos by <a href=\"https:\/\/unsplash.com\/@aaronburden?utm_source=unsplash&amp;utm_medium=referral&amp;utm_content=creditCopyText\">Aaron Burden<\/a>, <a href=\"https:\/\/unsplash.com\/@pawel_czerwinski?utm_source=unsplash&amp;utm_medium=referral&amp;utm_content=creditCopyText\">Pawel Czerwinski<\/a>, <a href=\"https:\/\/unsplash.com\/@e_sykes?utm_source=unsplash&amp;utm_medium=referral&amp;utm_content=creditCopyText\">Ethan Sykes<\/a> on <a href=\"https:\/\/unsplash.com\/de\/fotos\/fn5PI66dP-A?utm_source=unsplash&amp;utm_medium=referral&amp;utm_content=creditCopyText\">Unsplash<\/a>.<\/p>\n\n<p>Source: <a rel=\"noreferrer noopener\" href=\"https:\/\/www.swissanwalt.ch\" target=\"_blank\">SwissAnwalt<\/a><\/p>\n","protected":false},"excerpt":{"rendered":"<p>Contact address R&amp;D Coach &#8211; Reinhard M\u00fcller-SiebertWyttenbachstrasse 113013 BernSwitzerland Email:contact(at)rd-coach.com Authorized representative Reinhard M\u00fcller-Siebert, Owner Commercial register entry Registered company name: R&amp;D-Coach &#8211; Reinhard M\u00fcller-SiebertCommercial Register No: CHE-409.276.220 VAT number CHE-409.276.220 VAT Disclaimer The author assumes no responsibility for the correctness, accuracy, timeliness, reliability and completeness of the information. Liability claims regarding damage caused by [&hellip;]<\/p>\n","protected":false},"author":1,"featured_media":2257,"parent":0,"menu_order":0,"comment_status":"closed","ping_status":"closed","template":"wp-custom-template-projekte","meta":{"_acf_changed":false,"_uag_custom_page_level_css":"","footnotes":""},"class_list":["post-2288","page","type-page","status-publish","has-post-thumbnail","hentry"],"aioseo_notices":[],"acf":[],"uagb_featured_image_src":{"full":["https:\/\/rd-coach.com\/wp-content\/uploads\/2023\/03\/RD-Coach_Impressum_header.jpg",2400,240,false],"thumbnail":["https:\/\/rd-coach.com\/wp-content\/uploads\/2023\/03\/RD-Coach_Impressum_header-150x150.jpg",150,150,true],"medium":["https:\/\/rd-coach.com\/wp-content\/uploads\/2023\/03\/RD-Coach_Impressum_header-300x30.jpg",300,30,true],"medium_large":["https:\/\/rd-coach.com\/wp-content\/uploads\/2023\/03\/RD-Coach_Impressum_header-768x77.jpg",768,77,true],"large":["https:\/\/rd-coach.com\/wp-content\/uploads\/2023\/03\/RD-Coach_Impressum_header-1024x102.jpg",1024,102,true],"1536x1536":["https:\/\/rd-coach.com\/wp-content\/uploads\/2023\/03\/RD-Coach_Impressum_header-1536x154.jpg",1536,154,true],"2048x2048":["https:\/\/rd-coach.com\/wp-content\/uploads\/2023\/03\/RD-Coach_Impressum_header-2048x205.jpg",2048,205,true]},"uagb_author_info":{"display_name":"rmsbe","author_link":"https:\/\/rd-coach.com\/en\/author\/rmsbe\/"},"uagb_comment_info":0,"uagb_excerpt":"Contact address R&amp;D Coach &#8211; Reinhard M\u00fcller-SiebertWyttenbachstrasse 113013 BernSwitzerland Email:contact(at)rd-coach.com Authorized representative Reinhard M\u00fcller-Siebert, Owner Commercial register entry Registered company name: R&amp;D-Coach &#8211; Reinhard M\u00fcller-SiebertCommercial Register No: CHE-409.276.220 VAT number CHE-409.276.220 VAT Disclaimer The author assumes no responsibility for the correctness, accuracy, timeliness, reliability and completeness of the information. Liability claims regarding damage caused by&hellip;","_links":{"self":[{"href":"https:\/\/rd-coach.com\/en\/wp-json\/wp\/v2\/pages\/2288","targetHints":{"allow":["GET"]}}],"collection":[{"href":"https:\/\/rd-coach.com\/en\/wp-json\/wp\/v2\/pages"}],"about":[{"href":"https:\/\/rd-coach.com\/en\/wp-json\/wp\/v2\/types\/page"}],"author":[{"embeddable":true,"href":"https:\/\/rd-coach.com\/en\/wp-json\/wp\/v2\/users\/1"}],"replies":[{"embeddable":true,"href":"https:\/\/rd-coach.com\/en\/wp-json\/wp\/v2\/comments?post=2288"}],"version-history":[{"count":10,"href":"https:\/\/rd-coach.com\/en\/wp-json\/wp\/v2\/pages\/2288\/revisions"}],"predecessor-version":[{"id":3421,"href":"https:\/\/rd-coach.com\/en\/wp-json\/wp\/v2\/pages\/2288\/revisions\/3421"}],"wp:featuredmedia":[{"embeddable":true,"href":"https:\/\/rd-coach.com\/en\/wp-json\/wp\/v2\/media\/2257"}],"wp:attachment":[{"href":"https:\/\/rd-coach.com\/en\/wp-json\/wp\/v2\/media?parent=2288"}],"curies":[{"name":"wp","href":"https:\/\/api.w.org\/{rel}","templated":true}]}}